{"id":19,"date":"2025-06-01T00:26:20","date_gmt":"2025-05-31T22:26:20","guid":{"rendered":"http:\/\/billy-and-the-jets.com\/?page_id=19"},"modified":"2025-07-07T17:15:18","modified_gmt":"2025-07-07T15:15:18","slug":"billy-the-jets","status":"publish","type":"page","link":"https:\/\/billy-and-the-jets.com\/index.php\/billy-the-jets\/","title":{"rendered":"Billy &amp; the Jets &#8211; 02"},"content":{"rendered":"\n<figure class=\"wp-block-image aligncenter size-full is-resized\"><img loading=\"lazy\" decoding=\"async\" width=\"355\" height=\"500\" src=\"https:\/\/billy-and-the-jets.com\/wp-content\/uploads\/2025\/06\/affBATJ-PT01.jpg\" alt=\"\" class=\"wp-image-47\" style=\"width:93px;height:auto\" srcset=\"https:\/\/billy-and-the-jets.com\/wp-content\/uploads\/2025\/06\/affBATJ-PT01.jpg 355w, https:\/\/billy-and-the-jets.com\/wp-content\/uploads\/2025\/06\/affBATJ-PT01-213x300.jpg 213w\" sizes=\"auto, (max-width: 355px) 100vw, 355px\" \/><\/figure>\n\n\n\n<h2 class=\"wp-block-heading has-text-align-center\">CONCERT<\/h2>\n\n\n\n<p class=\"has-text-align-center\">Le 2 juillet 20:30 aux 2 pianos <br>136 rue de Lourmel, 75015 Paris<\/p>\n\n\n\n<p class=\"has-text-align-center\"><strong><a href=\"https:\/\/www.billetweb.fr\/billy-the-jets1&amp;multi=23520&amp;margin=no_margin&amp;color=635BFF&amp;parent=les2pianos1&amp;margin=no_margin&amp;color=635BFF\">RESERVER<\/a><\/strong><\/p>\n\n\n\n<p class=\"has-text-align-center\"> <a href=\"https:\/\/www.billetweb.fr\/billy-the-jets1\">https:\/\/www.billetweb.fr\/billy-the-jets1<\/a><\/p>\n\n\n\n<h2 class=\"wp-block-heading\">extraits du dernier concert :<\/h2>\n\n\n\n<figure class=\"wp-block-embed is-type-video is-provider-youtube wp-block-embed-youtube wp-embed-aspect-16-9 wp-has-aspect-ratio\"><div class=\"wp-block-embed__wrapper\">\n<iframe loading=\"lazy\" title=\"\ud83c\udfac BILLY &amp; THE JETS | Concert du 2 mars 2025 - Extraits exclusifs\" width=\"800\" height=\"450\" src=\"https:\/\/www.youtube.com\/embed\/q8BjCqSBNU8?feature=oembed\" frameborder=\"0\" allow=\"accelerometer; autoplay; clipboard-write; encrypted-media; gyroscope; picture-in-picture; web-share\" referrerpolicy=\"strict-origin-when-cross-origin\" allowfullscreen><\/iframe>\n<\/div><\/figure>\n\n\n\n<h2 class=\"wp-block-heading\">Contact :<\/h2>\n\n\n<div class=\"wpforms-container wpforms-container-full wpforms-render-modern\" id=\"wpforms-11\"><form id=\"wpforms-form-11\" class=\"wpforms-validate wpforms-form wpforms-ajax-form\" data-formid=\"11\" method=\"post\" enctype=\"multipart\/form-data\" action=\"\/index.php\/wp-json\/wp\/v2\/pages\/19\" data-token=\"2c9c07c424c4b4d3608a9b091981a3dc\" data-token-time=\"1777695468\"><noscript class=\"wpforms-error-noscript\">Veuillez activer JavaScript dans votre navigateur pour remplir ce formulaire.<\/noscript><div class=\"wpforms-hidden\" id=\"wpforms-error-noscript\">Veuillez activer JavaScript dans votre navigateur pour remplir ce formulaire.<\/div><div class=\"wpforms-field-container\"><div id=\"wpforms-11-field_1-container\" class=\"wpforms-field wpforms-field-name\" data-field-id=\"1\"><fieldset><legend class=\"wpforms-field-label\">Nom <span class=\"wpforms-required-label\" aria-hidden=\"true\">*<\/span><\/legend><div class=\"wpforms-field-row wpforms-field-medium\"><div class=\"wpforms-field-row-block wpforms-first wpforms-one-half\"><input type=\"text\" id=\"wpforms-11-field_1\" class=\"wpforms-field-name-first wpforms-field-required\" name=\"wpforms[fields][1][first]\" aria-errormessage=\"wpforms-11-field_1-error\" required><label for=\"wpforms-11-field_1\" class=\"wpforms-field-sublabel after\">Pr\u00e9nom<\/label><\/div><div class=\"wpforms-field-row-block wpforms-one-half\"><input type=\"text\" id=\"wpforms-11-field_1-last\" class=\"wpforms-field-name-last wpforms-field-required\" name=\"wpforms[fields][1][last]\" aria-errormessage=\"wpforms-11-field_1-last-error\" required><label for=\"wpforms-11-field_1-last\" class=\"wpforms-field-sublabel after\">Nom<\/label><\/div><\/div><\/fieldset><\/div><div id=\"wpforms-11-field_2-container\" class=\"wpforms-field wpforms-field-email\" data-field-id=\"2\"><label class=\"wpforms-field-label\" for=\"wpforms-11-field_2\">E-mail <span class=\"wpforms-required-label\" aria-hidden=\"true\">*<\/span><\/label><input type=\"email\" id=\"wpforms-11-field_2\" class=\"wpforms-field-medium wpforms-field-required\" name=\"wpforms[fields][2]\" spellcheck=\"false\" aria-errormessage=\"wpforms-11-field_2-error\" required><\/div>\t\t<div id=\"wpforms-11-field_5-container\"\n\t\t\tclass=\"wpforms-field wpforms-field-text\"\n\t\t\tdata-field-type=\"text\"\n\t\t\tdata-field-id=\"5\"\n\t\t\t>\n\t\t\t<label class=\"wpforms-field-label\" for=\"wpforms-11-field_5\" >ou les the<\/label>\n\t\t\t<input type=\"text\" id=\"wpforms-11-field_5\" class=\"wpforms-field-medium\" name=\"wpforms[fields][5]\" >\n\t\t<\/div>\n\t\t<div id=\"wpforms-11-field_3-container\" class=\"wpforms-field wpforms-field-textarea\" data-field-id=\"3\"><label class=\"wpforms-field-label\" for=\"wpforms-11-field_3\">Commentaire ou message<\/label><textarea id=\"wpforms-11-field_3\" class=\"wpforms-field-medium\" name=\"wpforms[fields][3]\" aria-errormessage=\"wpforms-11-field_3-error\" ><\/textarea><\/div><div id=\"wpforms-11-field_4-container\" class=\"wpforms-field wpforms-field-checkbox\" data-field-id=\"4\"><fieldset><legend class=\"wpforms-field-label\">Recevoir les infos de Billy &amp; the Jets<\/legend><ul id=\"wpforms-11-field_4\"><li class=\"choice-1 depth-1\"><input type=\"checkbox\" id=\"wpforms-11-field_4_1\" name=\"wpforms[fields][4][]\" value=\"Je veux recevoir les infos !\" aria-errormessage=\"wpforms-11-field_4_1-error\" aria-describedby=\"wpforms-11-field_4-description\"  ><label class=\"wpforms-field-label-inline\" for=\"wpforms-11-field_4_1\">Je veux recevoir les infos !<\/label><\/li><\/ul><div id=\"wpforms-11-field_4-description\" class=\"wpforms-field-description\">Les informations recueillies via ce formulaire sont enregistr\u00e9es par Billy and the Jets pour l\u2019envoi d\u2019informations sur l\u2019activit\u00e9 du groupe et la production. La base l\u00e9gale du traitement est votre consentement. Les destinataires sont uniquement Billy and the Jets, la production et ses prestataires techniques. Les donn\u00e9es sont conserv\u00e9es jusqu\u2019au retrait du consentement.\nVous pouvez acc\u00e9der \u00e0 vos donn\u00e9es, les rectifier, demander leur effacement ou exercer votre droit \u00e0 la limitation du traitement de vos donn\u00e9es. \nVous pouvez retirer votre consentement \u00e0 tout moment via le lien de d\u00e9sabonnement ou en nous contactant \u00e0 via ce formulaire.<\/div><\/fieldset><\/div><script>\n\t\t\t\t( function() {\n\t\t\t\t\tconst style = document.createElement( 'style' );\n\t\t\t\t\tstyle.appendChild( document.createTextNode( '#wpforms-11-field_5-container { position: absolute !important; overflow: hidden !important; display: inline !important; height: 1px !important; width: 1px !important; z-index: -1000 !important; padding: 0 !important; } #wpforms-11-field_5-container input { visibility: hidden; } #wpforms-conversational-form-page #wpforms-11-field_5-container label { counter-increment: none; }' ) );\n\t\t\t\t\tdocument.head.appendChild( style );\n\t\t\t\t\tdocument.currentScript?.remove();\n\t\t\t\t} )();\n\t\t\t<\/script><\/div><!-- .wpforms-field-container --><div class=\"wpforms-submit-container\" ><input type=\"hidden\" name=\"wpforms[id]\" value=\"11\"><input type=\"hidden\" name=\"page_title\" value=\"\"><input type=\"hidden\" name=\"page_url\" value=\"https:\/\/billy-and-the-jets.com\/index.php\/wp-json\/wp\/v2\/pages\/19\"><input type=\"hidden\" name=\"url_referer\" value=\"\"><button type=\"submit\" name=\"wpforms[submit]\" id=\"wpforms-submit-11\" class=\"wpforms-submit\" data-alt-text=\"Envoi...\" data-submit-text=\"Envoyer\" aria-live=\"assertive\" value=\"wpforms-submit\">Envoyer<\/button><img loading=\"lazy\" decoding=\"async\" src=\"https:\/\/billy-and-the-jets.com\/wp-content\/plugins\/wpforms-lite\/assets\/images\/submit-spin.svg\" class=\"wpforms-submit-spinner\" style=\"display: none;\" width=\"26\" height=\"26\" alt=\"Chargement en cours\"><\/div><\/form><\/div>  <!-- .wpforms-container -->\n","protected":false},"excerpt":{"rendered":"<p>CONCERT Le 2 juillet 20:30 aux 2 pianos 136 rue de Lourmel, 75015 Paris RESERVER https:\/\/www.billetweb.fr\/billy-the-jets1 extraits du dernier concert : Contact :<\/p>\n","protected":false},"author":1,"featured_media":0,"parent":0,"menu_order":0,"comment_status":"closed","ping_status":"closed","template":"","meta":{"footnotes":""},"class_list":["post-19","page","type-page","status-publish","hentry"],"_links":{"self":[{"href":"https:\/\/billy-and-the-jets.com\/index.php\/wp-json\/wp\/v2\/pages\/19","targetHints":{"allow":["GET"]}}],"collection":[{"href":"https:\/\/billy-and-the-jets.com\/index.php\/wp-json\/wp\/v2\/pages"}],"about":[{"href":"https:\/\/billy-and-the-jets.com\/index.php\/wp-json\/wp\/v2\/types\/page"}],"author":[{"embeddable":true,"href":"https:\/\/billy-and-the-jets.com\/index.php\/wp-json\/wp\/v2\/users\/1"}],"replies":[{"embeddable":true,"href":"https:\/\/billy-and-the-jets.com\/index.php\/wp-json\/wp\/v2\/comments?post=19"}],"version-history":[{"count":15,"href":"https:\/\/billy-and-the-jets.com\/index.php\/wp-json\/wp\/v2\/pages\/19\/revisions"}],"predecessor-version":[{"id":293,"href":"https:\/\/billy-and-the-jets.com\/index.php\/wp-json\/wp\/v2\/pages\/19\/revisions\/293"}],"wp:attachment":[{"href":"https:\/\/billy-and-the-jets.com\/index.php\/wp-json\/wp\/v2\/media?parent=19"}],"curies":[{"name":"wp","href":"https:\/\/api.w.org\/{rel}","templated":true}]}}